{"id":269,"date":"2024-06-19T17:16:35","date_gmt":"2024-06-19T15:16:35","guid":{"rendered":"https:\/\/prefcentrum.alef.com\/vase-preferencne-centrum-alef\/"},"modified":"2026-04-20T22:06:04","modified_gmt":"2026-04-20T20:06:04","slug":"vase-preferencne-centrum-alef","status":"publish","type":"page","link":"https:\/\/prefcentrum.alef.com\/sk\/","title":{"rendered":"Va\u0161e preferen\u010dn\u00e9 centrum ALEF"},"content":{"rendered":"\n<p class=\"container-reading\">Nastavte si, ak\u00e9 t\u00e9my v\u00e1s zauj\u00edmaj\u00fa a my V\u00e1m uprav\u00edme ponuky v na\u0161om newsletteri tak, aby v\u00e1m sadli pod\u013ea Va\u0161ich preferenci\u00ed.<\/p>\n\n\n\n<div class=\"wpcf7 no-js\" id=\"wpcf7-f273-o1\" lang=\"sk-SK\" dir=\"ltr\" data-wpcf7-id=\"273\">\n<div class=\"screen-reader-response\"><p role=\"status\" aria-live=\"polite\" aria-atomic=\"true\"><\/p> <ul><\/ul><\/div>\n<form action=\"\/sk\/wp-json\/wp\/v2\/pages\/269#wpcf7-f273-o1\" method=\"post\" class=\"wpcf7-form init\" aria-label=\"Kontaktn\u00fd formul\u00e1r\" novalidate=\"novalidate\" data-status=\"init\">\n<fieldset class=\"hidden-fields-container\"><input type=\"hidden\" name=\"_wpcf7\" value=\"273\" \/><input type=\"hidden\" name=\"_wpcf7_version\" value=\"6.1.5\" \/><input type=\"hidden\" name=\"_wpcf7_locale\" value=\"sk_SK\" \/><input type=\"hidden\" name=\"_wpcf7_unit_tag\" value=\"wpcf7-f273-o1\" \/><input type=\"hidden\" name=\"_wpcf7_container_post\" value=\"0\" \/><input type=\"hidden\" name=\"_wpcf7_posted_data_hash\" value=\"\" \/>\n<\/fieldset>\n<div class=\"c-form\">\n<div class=\"c-form__group\">\n    <label for=\"cf7-email\" class=\"fw-semibold\">V\u00e1\u0161 e-mail *<\/label>\n    <span class=\"wpcf7-form-control-wrap\" data-name=\"email\">\n        <input id=\"cf7-email\" size=\"40\" class=\"wpcf7-form-control wpcf7-email \" aria-invalid=\"false\" aria-required=\"true\" value=\"\" type=\"email\" name=\"email\" required>\n        \n    <\/span>\n<\/div>\n<fieldset class=\"c-form__group\">\n<legend class=\"c-form__legend\">Moje povolanie<\/legend>\n<span class=\"wpcf7-form-control-wrap\" data-name=\"profession\">\n            <span class=\"wpcf7-form-control wpcf7-radio\">\n                <span class=\"wpcf7-list-item\">\n            <label>\n                <input type=\"radio\" name=\"profession\" value=\"profession-tech\">\n                <span class=\"wpcf7-list-item-label\">IT - som technicky orientovan\u00fd <\/span>\n            <\/label>\n        <\/span><span class=\"wpcf7-list-item\">\n            <label>\n                <input type=\"radio\" name=\"profession\" value=\"profession-hr\">\n                <span class=\"wpcf7-list-item-label\">HR - pracujem na HR<\/span>\n            <\/label>\n        <\/span><span class=\"wpcf7-list-item\">\n            <label>\n                <input type=\"radio\" name=\"profession\" value=\"profession-sales\">\n                <span class=\"wpcf7-list-item-label\">BDM \/ Sales <\/span>\n            <\/label>\n        <\/span><span class=\"wpcf7-list-item\">\n            <label>\n                <input type=\"radio\" name=\"profession\" value=\"profession-purchase\">\n                <span class=\"wpcf7-list-item-label\">N\u00e1kup<\/span>\n            <\/label>\n        <\/span><span class=\"wpcf7-list-item\">\n            <label>\n                <input type=\"radio\" name=\"profession\" value=\"profession-other\">\n                <span class=\"wpcf7-list-item-label\">In\u00e9<\/span>\n            <\/label>\n        <\/span>\n            <\/span>\n        <\/span>\n<\/fieldset>\n<fieldset class=\"c-form__group\" data-uncheck-all-text=\"Zru\u0161i\u0165 ozna\u010denie v\u0161etk\u00fdch technol\u00f3gi\u00ed\" data-check-all-text=\"Ozna\u010di\u0165 v\u0161etky technol\u00f3gie\">\n<legend class=\"c-form__legend\">Zauj\u00edmam sa o technol\u00f3gie<\/legend><span class=\"wpcf7-form-control-wrap\" data-name=\"technology\">\n            <span class=\"wpcf7-form-control wpcf7-checkbox\">\n                <span class=\"wpcf7-list-item\">\n            <label>\n                <input type=\"checkbox\" name=\"technology[]\" value=\"technology-routing-switching\">\n                <span class=\"wpcf7-list-item-label\">Routing &amp; Switching<\/span>\n            <\/label>\n        <\/span><span class=\"wpcf7-list-item\">\n            <label>\n                <input type=\"checkbox\" name=\"technology[]\" value=\"technology-wireless\">\n                <span class=\"wpcf7-list-item-label\">Wireless<\/span>\n            <\/label>\n        <\/span><span class=\"wpcf7-list-item\">\n            <label>\n                <input type=\"checkbox\" name=\"technology[]\" value=\"technology-application-data\">\n                <span class=\"wpcf7-list-item-label\">Application &amp; Data<\/span>\n            <\/label>\n        <\/span><span class=\"wpcf7-list-item\">\n            <label>\n                <input type=\"checkbox\" name=\"technology[]\" value=\"technology-design-architecture\">\n                <span class=\"wpcf7-list-item-label\">Design &amp; Architecture<\/span>\n            <\/label>\n        <\/span><span class=\"wpcf7-list-item\">\n            <label>\n                <input type=\"checkbox\" name=\"technology[]\" value=\"technology-cybersecurity\">\n                <span class=\"wpcf7-list-item-label\">Cybersecurity<\/span>\n            <\/label>\n        <\/span><span class=\"wpcf7-list-item\">\n            <label>\n                <input type=\"checkbox\" name=\"technology[]\" value=\"technology-security\">\n                <span class=\"wpcf7-list-item-label\">Bezpe\u010dnos\u0165<\/span>\n            <\/label>\n        <\/span><span class=\"wpcf7-list-item\">\n            <label>\n                <input type=\"checkbox\" name=\"technology[]\" value=\"technology-network-infratructure\">\n                <span class=\"wpcf7-list-item-label\">Network infrastructure<\/span>\n            <\/label>\n        <\/span><span class=\"wpcf7-list-item\">\n            <label>\n                <input type=\"checkbox\" name=\"technology[]\" value=\"technology-datacenter\">\n                <span class=\"wpcf7-list-item-label\">Datacenter<\/span>\n            <\/label>\n        <\/span><span class=\"wpcf7-list-item\">\n            <label>\n                <input type=\"checkbox\" name=\"technology[]\" value=\"technology-cloud\">\n                <span class=\"wpcf7-list-item-label\">Cloud<\/span>\n            <\/label>\n        <\/span>\n            <\/span>\n        <\/span><button type=\"button\" data-check-all=\"\" class=\"btn btn--link\">Ozna\u010di\u0165 v\u0161etky technol\u00f3gie<\/button>\n<\/fieldset>\n<fieldset class=\"c-form__group\" data-uncheck-all-text=\"Zru\u0161i\u0165 ozna\u010denie v\u0161etk\u00fdch vendorov\" data-check-all-text=\"Ozna\u010di\u0165 v\u0161etk\u00fdch vendorov\">\n<legend class=\"c-form__legend\">M\u00e1m z\u00e1ujem o vendorov<\/legend><span class=\"wpcf7-form-control-wrap\" data-name=\"vendor\">\n            <span class=\"wpcf7-form-control wpcf7-checkbox\">\n                <span class=\"wpcf7-list-item\">\n            <label>\n                <input type=\"checkbox\" name=\"vendor[]\" value=\"vendor-cisco\">\n                <span class=\"wpcf7-list-item-label\">Cisco<\/span>\n            <\/label>\n        <\/span><span class=\"wpcf7-list-item\">\n            <label>\n                <input type=\"checkbox\" name=\"vendor[]\" value=\"vendor-f5\">\n                <span class=\"wpcf7-list-item-label\">F5<\/span>\n            <\/label>\n        <\/span><span class=\"wpcf7-list-item\">\n            <label>\n                <input type=\"checkbox\" name=\"vendor[]\" value=\"vendor-netapp\">\n                <span class=\"wpcf7-list-item-label\">NetApp<\/span>\n            <\/label>\n        <\/span><span class=\"wpcf7-list-item\">\n            <label>\n                <input type=\"checkbox\" name=\"vendor[]\" value=\"vendor-palo-alto\">\n                <span class=\"wpcf7-list-item-label\">Palo Alto<\/span>\n            <\/label>\n        <\/span><span class=\"wpcf7-list-item\">\n            <label>\n                <input type=\"checkbox\" name=\"vendor[]\" value=\"vendor-splunk\">\n                <span class=\"wpcf7-list-item-label\">Splunk<\/span>\n            <\/label>\n        <\/span><span class=\"wpcf7-list-item\">\n            <label>\n                <input type=\"checkbox\" name=\"vendor[]\" value=\"vendor-aws\">\n                <span class=\"wpcf7-list-item-label\">AWS (Amazon Web Services)<\/span>\n            <\/label>\n        <\/span><span class=\"wpcf7-list-item\">\n            <label>\n                <input type=\"checkbox\" name=\"vendor[]\" value=\"vendor-vmware\">\n                <span class=\"wpcf7-list-item-label\">VMWARE<\/span>\n            <\/label>\n        <\/span><span class=\"wpcf7-list-item\">\n            <label>\n                <input type=\"checkbox\" name=\"vendor[]\" value=\"vendor-microsoft\">\n                <span class=\"wpcf7-list-item-label\">Microsoft<\/span>\n            <\/label>\n        <\/span><span class=\"wpcf7-list-item\">\n            <label>\n                <input type=\"checkbox\" name=\"vendor[]\" value=\"vendor-comptia\">\n                <span class=\"wpcf7-list-item-label\">CompTIA<\/span>\n            <\/label>\n        <\/span><span class=\"wpcf7-list-item\">\n            <label>\n                <input type=\"checkbox\" name=\"vendor[]\" value=\"vendor-red-hat\">\n                <span class=\"wpcf7-list-item-label\">Red Hat<\/span>\n            <\/label>\n        <\/span><span class=\"wpcf7-list-item\">\n            <label>\n                <input type=\"checkbox\" name=\"vendor[]\" value=\"vendor-other\">\n                <span class=\"wpcf7-list-item-label\">In\u00e9<\/span>\n            <\/label>\n        <\/span>\n            <\/span>\n        <\/span><button type=\"button\" data-check-all=\"\" class=\"btn btn--link\">Ozna\u010di\u0165 v\u0161etk\u00fdch vendorov<\/button>\n<\/fieldset>\n<span id=\"wpcf7-6a03e8bc5cde9-wrapper\" class=\"wpcf7-form-control-wrap web-wrap\" ><input type=\"hidden\" name=\"web-time-start\" value=\"1778641084\"><input type=\"hidden\" name=\"web-time-check\" value=\"4\"><label for=\"web\" class=\"hp-message\">Please leave this field empty.<\/label><input id=\"web\"  placeholder=\"Napr. www.myweb.com\"  class=\"wpcf7-form-control wpcf7-text\" type=\"text\" name=\"web\" value=\"\" size=\"40\" tabindex=\"-1\" autocomplete=\"new-password\" \/><\/span>\n<div class=\"c-form__submit\"><button type=\"submit\" class=\"btn\"><span class=\"btn__text\">Potvrdi\u0165 vo\u013eby<\/span><\/button><span class=\"wpcf7-spinner\"><\/span><\/div>\n<\/div><div class=\"wpcf7-response-output\" aria-hidden=\"true\"><\/div>\n<\/form>\n<\/div>\n\n","protected":false},"excerpt":{"rendered":"<p>Nastavte si, ak\u00e9 t\u00e9my v\u00e1s zauj\u00edmaj\u00fa a my V\u00e1m uprav\u00edme ponuky v na\u0161om newsletteri tak, aby v\u00e1m sadli pod\u013ea Va\u0161ich preferenci\u00ed.<\/p>\n","protected":false},"author":1,"featured_media":0,"parent":0,"menu_order":0,"comment_status":"closed","ping_status":"closed","template":"","meta":{"footnotes":""},"class_list":["post-269","page","type-page","status-publish","hentry"],"_links":{"self":[{"href":"https:\/\/prefcentrum.alef.com\/sk\/wp-json\/wp\/v2\/pages\/269","targetHints":{"allow":["GET"]}}],"collection":[{"href":"https:\/\/prefcentrum.alef.com\/sk\/wp-json\/wp\/v2\/pages"}],"about":[{"href":"https:\/\/prefcentrum.alef.com\/sk\/wp-json\/wp\/v2\/types\/page"}],"author":[{"embeddable":true,"href":"https:\/\/prefcentrum.alef.com\/sk\/wp-json\/wp\/v2\/users\/1"}],"replies":[{"embeddable":true,"href":"https:\/\/prefcentrum.alef.com\/sk\/wp-json\/wp\/v2\/comments?post=269"}],"version-history":[{"count":3,"href":"https:\/\/prefcentrum.alef.com\/sk\/wp-json\/wp\/v2\/pages\/269\/revisions"}],"predecessor-version":[{"id":630,"href":"https:\/\/prefcentrum.alef.com\/sk\/wp-json\/wp\/v2\/pages\/269\/revisions\/630"}],"wp:attachment":[{"href":"https:\/\/prefcentrum.alef.com\/sk\/wp-json\/wp\/v2\/media?parent=269"}],"curies":[{"name":"wp","href":"https:\/\/api.w.org\/{rel}","templated":true}]}}