{"id":410,"date":"2024-06-19T17:16:35","date_gmt":"2024-06-19T15:16:35","guid":{"rendered":"https:\/\/prefcentrum.alef.com\/az-on-alef-preference-centere\/"},"modified":"2026-04-20T22:04:50","modified_gmt":"2026-04-20T20:04:50","slug":"az-on-alef-preference-centere","status":"publish","type":"page","link":"https:\/\/prefcentrum.alef.com\/hu\/","title":{"rendered":"Az \u00d6n ALEF Preference Centere"},"content":{"rendered":"\n<p class=\"container-reading\">\u00c1ll\u00edtsa be \u00e9rdekl\u0151d\u00e9si ter\u00fcleteit, \u00e9s mi ennek megfelel\u0151en alak\u00edtjuk h\u00edrlevel\u00fcnk aj\u00e1nlatait.<\/p>\n\n\n\n<div class=\"wpcf7 no-js\" id=\"wpcf7-f412-o1\" lang=\"hu-HU\" dir=\"ltr\" data-wpcf7-id=\"412\">\n<div class=\"screen-reader-response\"><p role=\"status\" aria-live=\"polite\" aria-atomic=\"true\"><\/p> <ul><\/ul><\/div>\n<form action=\"\/hu\/wp-json\/wp\/v2\/pages\/410#wpcf7-f412-o1\" method=\"post\" class=\"wpcf7-form init\" aria-label=\"Kapcsolatfelv\u00e9teli \u0171rlap\" novalidate=\"novalidate\" data-status=\"init\">\n<fieldset class=\"hidden-fields-container\"><input type=\"hidden\" name=\"_wpcf7\" value=\"412\" \/><input type=\"hidden\" name=\"_wpcf7_version\" value=\"6.1.5\" \/><input type=\"hidden\" name=\"_wpcf7_locale\" value=\"hu_HU\" \/><input type=\"hidden\" name=\"_wpcf7_unit_tag\" value=\"wpcf7-f412-o1\" \/><input type=\"hidden\" name=\"_wpcf7_container_post\" value=\"0\" \/><input type=\"hidden\" name=\"_wpcf7_posted_data_hash\" value=\"\" \/>\n<\/fieldset>\n<div class=\"c-form\">\n<div class=\"c-form__group\">\n    <label for=\"cf7-email\" class=\"fw-semibold\">Az \u00d6n e-mail c\u00edme *<\/label>\n    <span class=\"wpcf7-form-control-wrap\" data-name=\"email\">\n        <input id=\"cf7-email\" size=\"40\" class=\"wpcf7-form-control wpcf7-email \" aria-invalid=\"false\" aria-required=\"true\" value=\"\" type=\"email\" name=\"email\" required>\n        \n    <\/span>\n<\/div>\n<fieldset class=\"c-form__group\">\n<legend class=\"c-form__legend\">Munkak\u00f6r\u00f6m<\/legend>\n<span class=\"wpcf7-form-control-wrap\" data-name=\"profession\">\n            <span class=\"wpcf7-form-control wpcf7-radio\">\n                <span class=\"wpcf7-list-item\">\n            <label>\n                <input type=\"radio\" name=\"profession\" value=\"profession-tech\">\n                <span class=\"wpcf7-list-item-label\">IT m\u00e9rn\u00f6k<\/span>\n            <\/label>\n        <\/span><span class=\"wpcf7-list-item\">\n            <label>\n                <input type=\"radio\" name=\"profession\" value=\"profession-hr\">\n                <span class=\"wpcf7-list-item-label\">HR<\/span>\n            <\/label>\n        <\/span><span class=\"wpcf7-list-item\">\n            <label>\n                <input type=\"radio\" name=\"profession\" value=\"profession-sales\">\n                <span class=\"wpcf7-list-item-label\">BDM \/ Sales<\/span>\n            <\/label>\n        <\/span><span class=\"wpcf7-list-item\">\n            <label>\n                <input type=\"radio\" name=\"profession\" value=\"profession-purchase\">\n                <span class=\"wpcf7-list-item-label\">Beszerz\u00e9s, logisztika<\/span>\n            <\/label>\n        <\/span><span class=\"wpcf7-list-item\">\n            <label>\n                <input type=\"radio\" name=\"profession\" value=\"profession-other\">\n                <span class=\"wpcf7-list-item-label\">Egy\u00e9b<\/span>\n            <\/label>\n        <\/span>\n            <\/span>\n        <\/span>\n<\/fieldset>\n<fieldset class=\"c-form__group\" data-uncheck-all-text=\"Egyik sem\" data-check-all-text=\"\u00d6sszes kijel\u00f6l\u00e9se\">\n<legend class=\"c-form__legend\">A k\u00f6vetkez\u0151 technol\u00f3gi\u00e1k ir\u00e1nt \u00e9rdekl\u0151d\u00f6m<\/legend>\n<span class=\"wpcf7-form-control-wrap\" data-name=\"technology\">\n            <span class=\"wpcf7-form-control wpcf7-checkbox\">\n                <span class=\"wpcf7-list-item\">\n            <label>\n                <input type=\"checkbox\" name=\"technology[]\" value=\"technology-routing-switching\">\n                <span class=\"wpcf7-list-item-label\">Routing &amp; Switching<\/span>\n            <\/label>\n        <\/span><span class=\"wpcf7-list-item\">\n            <label>\n                <input type=\"checkbox\" name=\"technology[]\" value=\"technology-wireless\">\n                <span class=\"wpcf7-list-item-label\">Vezet\u00e9k n\u00e9lk\u00fcli h\u00e1l\u00f3zatok<\/span>\n            <\/label>\n        <\/span><span class=\"wpcf7-list-item\">\n            <label>\n                <input type=\"checkbox\" name=\"technology[]\" value=\"technology-application-data\">\n                <span class=\"wpcf7-list-item-label\">Alkalmaz\u00e1sok \u00e9s adatok<\/span>\n            <\/label>\n        <\/span><span class=\"wpcf7-list-item\">\n            <label>\n                <input type=\"checkbox\" name=\"technology[]\" value=\"technology-design-architecture\">\n                <span class=\"wpcf7-list-item-label\">Tervez\u00e9s \u00e9s architekt\u00fara<\/span>\n            <\/label>\n        <\/span><span class=\"wpcf7-list-item\">\n            <label>\n                <input type=\"checkbox\" name=\"technology[]\" value=\"technology-cybersecurity\">\n                <span class=\"wpcf7-list-item-label\">Kiberbiztons\u00e1g<\/span>\n            <\/label>\n        <\/span><span class=\"wpcf7-list-item\">\n            <label>\n                <input type=\"checkbox\" name=\"technology[]\" value=\"technology-security\">\n                <span class=\"wpcf7-list-item-label\">Security<\/span>\n            <\/label>\n        <\/span><span class=\"wpcf7-list-item\">\n            <label>\n                <input type=\"checkbox\" name=\"technology[]\" value=\"technology-network-infratructure\">\n                <span class=\"wpcf7-list-item-label\">H\u00e1l\u00f3zati infrastrukt\u00fara<\/span>\n            <\/label>\n        <\/span><span class=\"wpcf7-list-item\">\n            <label>\n                <input type=\"checkbox\" name=\"technology[]\" value=\"technology-datacenter\">\n                <span class=\"wpcf7-list-item-label\">Adatk\u00f6zpont<\/span>\n            <\/label>\n        <\/span><span class=\"wpcf7-list-item\">\n            <label>\n                <input type=\"checkbox\" name=\"technology[]\" value=\"technology-cloud\">\n                <span class=\"wpcf7-list-item-label\">Cloud<\/span>\n            <\/label>\n        <\/span>\n            <\/span>\n        <\/span><button type=\"button\" data-check-all=\"\" class=\"btn btn--link\">\n\u00d6sszes kijel\u00f6l\u00e9se<\/button>\n<\/fieldset>\n<fieldset class=\"c-form__group\" data-uncheck-all-text=\"Egyik sem\" data-check-all-text=\"\u00d6sszes kjel\u00f6l\u00e9se\">\n<legend class=\"c-form__legend\">Az al\u00e1bbi gy\u00e1rt\u00f3k kapcs\u00e1n szeretn\u00e9k inform\u00e1ci\u00f3t k\u00e9rni<\/legend>\n<span class=\"wpcf7-form-control-wrap\" data-name=\"vendor\">\n            <span class=\"wpcf7-form-control wpcf7-checkbox\">\n                <span class=\"wpcf7-list-item\">\n            <label>\n                <input type=\"checkbox\" name=\"vendor[]\" value=\"vendor-cisco\">\n                <span class=\"wpcf7-list-item-label\">Cisco<\/span>\n            <\/label>\n        <\/span><span class=\"wpcf7-list-item\">\n            <label>\n                <input type=\"checkbox\" name=\"vendor[]\" value=\"vendor-f5\">\n                <span class=\"wpcf7-list-item-label\">F5<\/span>\n            <\/label>\n        <\/span><span class=\"wpcf7-list-item\">\n            <label>\n                <input type=\"checkbox\" name=\"vendor[]\" value=\"vendor-netapp\">\n                <span class=\"wpcf7-list-item-label\">NetApp<\/span>\n            <\/label>\n        <\/span><span class=\"wpcf7-list-item\">\n            <label>\n                <input type=\"checkbox\" name=\"vendor[]\" value=\"vendor-agilox\">\n                <span class=\"wpcf7-list-item-label\">AGILOX<\/span>\n            <\/label>\n        <\/span><span class=\"wpcf7-list-item\">\n            <label>\n                <input type=\"checkbox\" name=\"vendor[]\" value=\"vendor-progress\">\n                <span class=\"wpcf7-list-item-label\">Progress<\/span>\n            <\/label>\n        <\/span><span class=\"wpcf7-list-item\">\n            <label>\n                <input type=\"checkbox\" name=\"vendor[]\" value=\"vendor-splunk\">\n                <span class=\"wpcf7-list-item-label\">Splunk<\/span>\n            <\/label>\n        <\/span><span class=\"wpcf7-list-item\">\n            <label>\n                <input type=\"checkbox\" name=\"vendor[]\" value=\"vendor-microsoft\">\n                <span class=\"wpcf7-list-item-label\">Microsoft<\/span>\n            <\/label>\n        <\/span><span class=\"wpcf7-list-item\">\n            <label>\n                <input type=\"checkbox\" name=\"vendor[]\" value=\"vendor-red-hat\">\n                <span class=\"wpcf7-list-item-label\">Red Hat<\/span>\n            <\/label>\n        <\/span>\n            <\/span>\n        <\/span><button type=\"button\" data-check-all=\"\" class=\"btn btn--link\">\n\u00d6sszes kjel\u00f6l\u00e9se<\/button>\n<\/fieldset>\n<span id=\"wpcf7-6a03e8d42d23c-wrapper\" class=\"wpcf7-form-control-wrap web-wrap\" ><input type=\"hidden\" name=\"web-time-start\" value=\"1778641108\"><input type=\"hidden\" name=\"web-time-check\" value=\"4\"><label for=\"web\" class=\"hp-message\">Please leave this field empty.<\/label><input id=\"web\"  placeholder=\"P\u00e9ld\u00e1ul. www.myweb.com\"  class=\"wpcf7-form-control wpcf7-text\" type=\"text\" name=\"web\" value=\"\" size=\"40\" tabindex=\"-1\" autocomplete=\"new-password\" \/><\/span>\n<div class=\"c-form__submit\"><button type=\"submit\" class=\"btn\"><span class=\"btn__text\">V\u00e1lasz k\u00fcld\u00e9se<\/span><\/button><span class=\"wpcf7-spinner\"><\/span><\/div>\n<\/div><div class=\"wpcf7-response-output\" aria-hidden=\"true\"><\/div>\n<\/form>\n<\/div>\n\n","protected":false},"excerpt":{"rendered":"<p>\u00c1ll\u00edtsa be \u00e9rdekl\u0151d\u00e9si ter\u00fcleteit, \u00e9s mi ennek megfelel\u0151en alak\u00edtjuk h\u00edrlevel\u00fcnk aj\u00e1nlatait.<\/p>\n","protected":false},"author":1,"featured_media":0,"parent":0,"menu_order":0,"comment_status":"closed","ping_status":"closed","template":"","meta":{"footnotes":""},"class_list":["post-410","page","type-page","status-publish","hentry"],"_links":{"self":[{"href":"https:\/\/prefcentrum.alef.com\/hu\/wp-json\/wp\/v2\/pages\/410","targetHints":{"allow":["GET"]}}],"collection":[{"href":"https:\/\/prefcentrum.alef.com\/hu\/wp-json\/wp\/v2\/pages"}],"about":[{"href":"https:\/\/prefcentrum.alef.com\/hu\/wp-json\/wp\/v2\/types\/page"}],"author":[{"embeddable":true,"href":"https:\/\/prefcentrum.alef.com\/hu\/wp-json\/wp\/v2\/users\/1"}],"replies":[{"embeddable":true,"href":"https:\/\/prefcentrum.alef.com\/hu\/wp-json\/wp\/v2\/comments?post=410"}],"version-history":[{"count":2,"href":"https:\/\/prefcentrum.alef.com\/hu\/wp-json\/wp\/v2\/pages\/410\/revisions"}],"predecessor-version":[{"id":628,"href":"https:\/\/prefcentrum.alef.com\/hu\/wp-json\/wp\/v2\/pages\/410\/revisions\/628"}],"wp:attachment":[{"href":"https:\/\/prefcentrum.alef.com\/hu\/wp-json\/wp\/v2\/media?parent=410"}],"curies":[{"name":"wp","href":"https:\/\/api.w.org\/{rel}","templated":true}]}}